{"id":43,"date":"2025-02-24T16:57:09","date_gmt":"2025-02-24T16:57:09","guid":{"rendered":"https:\/\/www.rezervare-taxi.ro\/services\/"},"modified":"2025-02-28T14:29:36","modified_gmt":"2025-02-28T14:29:36","slug":"services","status":"publish","type":"page","link":"https:\/\/www.rezervare-taxi.ro\/en\/services\/","title":{"rendered":"Servicii \u0219i Tarife &#8211; Transfer Privat de la Aeroportul OTP"},"content":{"rendered":"\n\n\n\n\n\n\n\n\n\nServicii \u0219i Tarife &#8211; Transfer Privat de la Aeroportul OTP\n\n\n&#8222;Oferim servicii de transfer privat rapide, sigure \u0219i confortabile de la Aeroportul Henri Coand\u0103 (OTP) \u00een Bucure\u0219ti \u0219i \u00eemprejurimi. Alege dintr-o varietate de op\u021biuni adaptate nevoilor tale \u0219i beneficiaz\u0103 de tarife competitive.&#8221;\n\n\n\n\n\n\n<p [object NamedNodeMap]><span style=\"font-family: Tahoma, Geneva, sans-serif;\"><font color=\"#9dabaf\">Ideal pentru persoane sau grupuri mici, transferul standard \u00ee\u021bi asigur\u0103 un transport rapid \u0219i confortabil de la Aeroportul OTP la destina\u021bia ta din Bucure\u0219ti.<\/font><\/span><\/p>\n\n\n\n\n<p [object NamedNodeMap]><span style=\"font-family: Tahoma, Geneva, sans-serif;\"><font color=\"#9dabaf\">Alege un transfer premium cu ma\u0219ini de lux (e.g., Mercedes E-Class, BMW Seria 5) pentru o experien\u021b\u0103 de c\u0103l\u0103torie elegant\u0103 \u0219i relaxant\u0103.<br><br><\/font><\/span><\/p>\n\n\n\n\n<p [object NamedNodeMap]><span style=\"font-family: Tahoma, Geneva, sans-serif;\"><font color=\"#9dabaf\">Perfect pentru grupuri mari sau evenimente, oferim microbuze moderne \u0219i spa\u021bioase, capabile s\u0103 transporte p\u00e2n\u0103 la 8 persoane.<br><br><\/font><\/span><\/p>\n\n\n\n\n\n\n<p [object NamedNodeMap]><span style=\"font-family: Tahoma, Geneva, sans-serif;\"><font color=\"#9dabaf\">Indiferent de ora, suntem disponibili 24\/7 pentru transferuri nocturne. Ajungem rapid la aeroport sau la destina\u021bia ta, chiar \u0219i dup\u0103 miezul nop\u021bii.<br><br><\/font><\/span><\/p>\n\n\n\n\n<p [object NamedNodeMap]><span style=\"font-family: Tahoma, Geneva, sans-serif;\"><font color=\"#9dabaf\">Oferim servicii personalizate pentru evenimente speciale (e.g., nun\u021bi, conferin\u021be, meetinguri). Alege ma\u0219ini decorate sau microbuze pentru grupuri mari.<br><br><\/font><\/span><\/p>\n\n\n\n\n<p [object NamedNodeMap]><span style=\"font-family: Tahoma, Geneva, sans-serif;\"><font color=\"#9dabaf\">Pentru persoanele de afaceri, oferim transferuri executive cu ma\u0219ini premium, Wi-Fi gratuit \u0219i suport non-stop. Ideal pentru \u00eent\u00e2lniri importante sau c\u0103l\u0103torii de afaceri.<br><br><\/font><\/span><\/p>\n\n\n\n\n\n\nPre\u021buri<span> Transferuri Private \n\n <\/span> Premium\n\n\n\n\n\nIdeal pentru persoane sau grupuri mici\n\n\nTransfer rapid \u0219i elegant, dotari de lux, relaxare\n\n\nConfort superior, spa\u021biu generos, design modern.\n\n\n\n\n\n\nPerfect pentru grupuri mai mari sau familii care c\u0103l\u0103toresc \u00eempreun\u0103.\n\n\nSpa\u021biu extins, scaune confortabile, ideal pentru bagaje voluminoase.\n\n\nPana la 7 pasageri &amp; 7 bagaje\n\n\n\n\n\n\nO op\u021biune premium pentru c\u0103l\u0103torii lungi, cu confort \u0219i siguran\u021b\u0103 maxim\u0103.\n\n\nAutonomie mare, dot\u0103ri de lux, experien\u021b\u0103 de c\u0103l\u0103torie relaxant\u0103.\n\n\npana la 4 pasageri\n\n\n\n\n\n\n\n\n\nAi nevoie de un transfer personalizat? Contacteaz\u0103-ne pentru un offert\u0103 adaptat\u0103 nevoilor tale!\n\n\n\n\n\n\n\nTarife transfer aeroport Bucure\u0219ti\n\n\n\n\n\n\n\n\n\n\n\n\n\n<script type=\"text\/javascript\" src=\"https:\/\/widgets.bokun.io\/assets\/javascripts\/apps\/build\/BokunWidgetsLoader.js?bookingChannelUUID=dcf25ef0-1e50-4a45-b582-b150e9e07d1d\" async><\/script>\n     \n    <div class=\"bokunWidget\" data-src=\"https:\/\/widgets.bokun.io\/online-sales\/dcf25ef0-1e50-4a45-b582-b150e9e07d1d\/experience\/910857\"><\/div>\n    <noscript>Please enable javascript in your browser to book<\/noscript>\n\n\n\n\n\n\n<script type=\"text\/javascript\" src=\"https:\/\/widgets.bokun.io\/assets\/javascripts\/apps\/build\/BokunWidgetsLoader.js?bookingChannelUUID=dcf25ef0-1e50-4a45-b582-b150e9e07d1d\" async><\/script>\n     \n    <div class=\"bokunWidget\" data-src=\"https:\/\/widgets.bokun.io\/online-sales\/dcf25ef0-1e50-4a45-b582-b150e9e07d1d\/experience\/910685\"><\/div>\n    <noscript>Please enable javascript in your browser to book<\/noscript>\n\n\n\n\n<script type=\"text\/javascript\" src=\"https:\/\/widgets.bokun.io\/assets\/javascripts\/apps\/build\/BokunWidgetsLoader.js?bookingChannelUUID=dcf25ef0-1e50-4a45-b582-b150e9e07d1d\" async><\/script>\n     \n    <div class=\"bokunWidget\" data-src=\"https:\/\/widgets.bokun.io\/online-sales\/dcf25ef0-1e50-4a45-b582-b150e9e07d1d\/experience\/904078\"><\/div>\n    <noscript>Please enable javascript in your browser to book<\/noscript>\n\n","protected":false},"excerpt":{"rendered":"<p>Please enable javascript in your browser to book<\/p>","protected":false},"author":1,"featured_media":0,"parent":0,"menu_order":0,"comment_status":"closed","ping_status":"closed","template":"","meta":{"pagelayer_contact_templates":[],"_pagelayer_content":"","footnotes":""},"class_list":["post-43","page","type-page","status-publish","hentry"],"_links":{"self":[{"href":"https:\/\/www.rezervare-taxi.ro\/en\/wp-json\/wp\/v2\/pages\/43","targetHints":{"allow":["GET"]}}],"collection":[{"href":"https:\/\/www.rezervare-taxi.ro\/en\/wp-json\/wp\/v2\/pages"}],"about":[{"href":"https:\/\/www.rezervare-taxi.ro\/en\/wp-json\/wp\/v2\/types\/page"}],"author":[{"embeddable":true,"href":"https:\/\/www.rezervare-taxi.ro\/en\/wp-json\/wp\/v2\/users\/1"}],"replies":[{"embeddable":true,"href":"https:\/\/www.rezervare-taxi.ro\/en\/wp-json\/wp\/v2\/comments?post=43"}],"version-history":[{"count":5,"href":"https:\/\/www.rezervare-taxi.ro\/en\/wp-json\/wp\/v2\/pages\/43\/revisions"}],"predecessor-version":[{"id":198,"href":"https:\/\/www.rezervare-taxi.ro\/en\/wp-json\/wp\/v2\/pages\/43\/revisions\/198"}],"wp:attachment":[{"href":"https:\/\/www.rezervare-taxi.ro\/en\/wp-json\/wp\/v2\/media?parent=43"}],"curies":[{"name":"wp","href":"https:\/\/api.w.org\/{rel}","templated":true}]}}