{"id":44,"date":"2025-02-21T18:43:07","date_gmt":"2025-02-21T18:43:07","guid":{"rendered":"https:\/\/www.rezervare-taxi.ro\/contact\/"},"modified":"2025-04-24T17:08:40","modified_gmt":"2025-04-24T17:08:40","slug":"contact","status":"publish","type":"page","link":"https:\/\/www.rezervare-taxi.ro\/en\/contact\/","title":{"rendered":"Booking"},"content":{"rendered":"<script src=\"https:\/\/app.farebookings.com\/iframe-resizer\/iframeResizer.min.js\"><\/script>\n\n<iframe loading=\"lazy\" id='myIframe' src=\"https:\/\/app.farebookings.com\/step1ssl.php?k=94d01e79699179a60efe51c403594513&#038;s=f&#038;d=pp&#038;lng=gb\" width=\"100%\" height=\"1300px\" frameborder=\"0\" scrolling=\"no\"><\/iframe><script>\n                let myIframe = document.getElementById(\"myIframe\")\n                let endpoint = \"https:\/\/app.farebookings.com\/step1ssl.php?k=94d01e79699179a60efe51c403594513&s=f&d=pp&lng=gb\";let url_string = window.location.href;\n                let url = new URL(url_string);\n                let pickup= url.searchParams.get(\"pickup\");\n                let adsURL = endpoint+ \"&pickup=\"+pickup\n                myIframe.src = adsURL;\n            <\/script>\n\n<script>iFrameResize({ log: true }, '#myIframe')<\/script>\n\n\n\n\n\n\n\n\n<h2>Contacteaz\u0103-ne pentru un Transfer Personalizat\n\n<\/h2>\n<p>Ai nevoie de un transfer rapid \u0219i sigur de la Aeroportul OTP? Echipa noastr\u0103 este aici pentru a-\u021bi oferi solu\u021bii personalizate \u0219i asisten\u021b\u0103 non-stop. Completeaz\u0103 formularul de contact sau sun\u0103-ne direct pentru a rezerva serviciile tale. Suntem disponibili 24\/7 \u0219i r\u0103spundem \u00een cel mai scurt timp posibil. A\u0219tept\u0103m cu pl\u0103cere mesajul t\u0103u! \ud83d\ude97<\/p>\n<p><a href=\"https:\/\/Black-cab.ro\">Rezerva Acum&nbsp;<\/a><\/p>\n\n\n\n\n\n\n\n\n\n\n\n\n\n\n<h5>Telefon si Whatsapp<\/h5>\n\n\n\n<h5>Sediu<\/h5>\n\n\n\n<h5>email <\/h5>\n\n\n\n<h5>Retele sociale<\/h5>","protected":false},"excerpt":{"rendered":"","protected":false},"author":1,"featured_media":0,"parent":0,"menu_order":0,"comment_status":"closed","ping_status":"closed","template":"","meta":{"pagelayer_contact_templates":{"dbz4398":{"from_email":"$email","cont_subject":"$subject","cont_body":"$firstname\n$lastname\n$email\n$phone\n$subject\n$message"}},"_pagelayer_content":"","footnotes":""},"class_list":["post-44","page","type-page","status-publish","hentry"],"_links":{"self":[{"href":"https:\/\/www.rezervare-taxi.ro\/en\/wp-json\/wp\/v2\/pages\/44","targetHints":{"allow":["GET"]}}],"collection":[{"href":"https:\/\/www.rezervare-taxi.ro\/en\/wp-json\/wp\/v2\/pages"}],"about":[{"href":"https:\/\/www.rezervare-taxi.ro\/en\/wp-json\/wp\/v2\/types\/page"}],"author":[{"embeddable":true,"href":"https:\/\/www.rezervare-taxi.ro\/en\/wp-json\/wp\/v2\/users\/1"}],"replies":[{"embeddable":true,"href":"https:\/\/www.rezervare-taxi.ro\/en\/wp-json\/wp\/v2\/comments?post=44"}],"version-history":[{"count":1,"href":"https:\/\/www.rezervare-taxi.ro\/en\/wp-json\/wp\/v2\/pages\/44\/revisions"}],"predecessor-version":[{"id":216,"href":"https:\/\/www.rezervare-taxi.ro\/en\/wp-json\/wp\/v2\/pages\/44\/revisions\/216"}],"wp:attachment":[{"href":"https:\/\/www.rezervare-taxi.ro\/en\/wp-json\/wp\/v2\/media?parent=44"}],"curies":[{"name":"wp","href":"https:\/\/api.w.org\/{rel}","templated":true}]}}